{"id":475,"date":"2025-10-22T10:20:28","date_gmt":"2025-10-22T08:20:28","guid":{"rendered":"https:\/\/zuerich-living.ch\/impressum\/"},"modified":"2025-12-01T18:06:56","modified_gmt":"2025-12-01T17:06:56","slug":"imprint","status":"publish","type":"page","link":"https:\/\/zuerich-living.ch\/en\/imprint\/","title":{"rendered":"Imprint"},"content":{"rendered":"<div id='full_slider_1'  class='avia-fullwidth-slider main_color avia-shadow   avia-builder-el-0  el_before_av_section  avia-builder-el-first   container_wrap fullsize'  ><div  class='avia-slideshow av-mi60qd3n-70bd306f631886ec35bd41a4f45f925b avia-slideshow-featured_large av_slideshow_full avia-slide-slider av-slideshow-ui av-control-default av-slideshow-manual av-loop-once av-loop-manual-endless av-default-height-applied   avia-slideshow-1' data-slideshow-options=\"{&quot;animation&quot;:&quot;slide&quot;,&quot;autoplay&quot;:false,&quot;loop_autoplay&quot;:&quot;once&quot;,&quot;interval&quot;:5,&quot;loop_manual&quot;:&quot;manual-endless&quot;,&quot;autoplay_stopper&quot;:false,&quot;noNavigation&quot;:false,&quot;bg_slider&quot;:false,&quot;keep_padding&quot;:false,&quot;hoverpause&quot;:false,&quot;show_slide_delay&quot;:0}\"  itemprop=\"image\" itemscope=\"itemscope\" itemtype=\"https:\/\/schema.org\/ImageObject\" ><ul class='avia-slideshow-inner ' style='padding-bottom: 40.533333333333%;'><li  class='avia-slideshow-slide av-mi60qd3n-70bd306f631886ec35bd41a4f45f925b__0  av-single-slide slide-1 slide-odd'><div data-rel='slideshow-1' class='avia-slide-wrap '   ><img decoding=\"async\" fetchpriority=\"high\" class=\"wp-image-540 avia-img-lazy-loading-not-540\"  src=\"https:\/\/zuerich-living.ch\/wp-content\/uploads\/2025\/11\/imprint-1500x608.jpg\" width=\"1500\" height=\"608\" title='imprint' alt=''  itemprop=\"thumbnailUrl\"   \/><\/div><\/li><\/ul><\/div><\/div>\n<div id='av_section_1'  class='avia-section av-1md80-2426f4e9cc1ee3fc91420351588bac58 main_color avia-section-default avia-no-border-styling  avia-builder-el-1  el_after_av_slideshow_full  avia-builder-el-last  avia-bg-style-scroll av-minimum-height av-minimum-height-100 av-height-100  container_wrap fullsize'   data-av_minimum_height_pc='100' data-av_min_height_opt='100'><div class='container av-section-cont-open' ><div class='template-page content  av-content-full alpha units'><div class='post-entry post-entry-type-page post-entry-475'><div class='entry-content-wrapper clearfix'>\n<div  class='flex_column av-2ll0-f970957470d1753a5f5787d67ad56e25 av_one_full  avia-builder-el-2  avia-builder-el-no-sibling  first flex_column_div  '     ><section  class='av_textblock_section av-mh1q3vws-8a61ff1a47ac8e61fc28b8d891f87d5f '   itemscope=\"itemscope\" itemtype=\"https:\/\/schema.org\/CreativeWork\" ><div class='avia_textblock'  itemprop=\"text\" ><h1>Imprint<\/h1>\n<h2>Contact Address<\/h2>\n<p>Z\u00fcrich Living Group AG, Baar<br \/>\nGrabenstr. 15a<br \/>\nCH-6340 Baar<br \/>\ninfo(at)zuerich-living.ch<br \/>\n+41 43 456 26 03<\/p>\n<h2>Authorized Representative<\/h2>\n<p>Thomas Klopsch, Chief Executive Officer<\/p>\n<h2>Commercial Register Entry<\/h2>\n<p>Registered company name:<br \/>\nZ\u00fcrich Living Group AG, Baar<br \/>\nRegistration number: CHE-187.730.880<\/p>\n<h2>Disclaimer<\/h2>\n<p>The author assumes no responsibility for the correctness, accuracy, timeliness, reliability, or completeness of the information provided.<br \/>\nLiability claims against the author for material or immaterial damages resulting from access to, or the use or non-use of, the published information, misuse of the connection, or technical disruptions are excluded.<br \/>\nAll offers are non-binding. The author expressly reserves the right to change, supplement, delete, or temporarily or permanently discontinue publication of parts of the pages or the entire content without prior notice.<\/p>\n<h2>Liability for Links<\/h2>\n<p>References and links to third-party websites lie outside our area of responsibility.<br \/>\nAny responsibility for such websites is declined. Access to and use of such websites is at the user\u2019s own risk.<\/p>\n<h2>Copyrights<\/h2>\n<p>All copyrights and other rights to content, images, photos, or other files on this website belong exclusively to Z\u00fcrich Living Group AG, Baar or to the specifically named rights holders. Written permission must be obtained in advance from the copyright holders for the reproduction of any elements.<\/p>\n<\/div><\/section><\/div>\n","protected":false},"excerpt":{"rendered":"","protected":false},"author":1,"featured_media":773,"parent":0,"menu_order":0,"comment_status":"closed","ping_status":"closed","template":"","meta":{"footnotes":""},"class_list":["post-475","page","type-page","status-publish","has-post-thumbnail","hentry"],"yoast_head":"<!-- This site is optimized with the Yoast SEO plugin v27.5 - https:\/\/yoast.com\/product\/yoast-seo-wordpress\/ -->\n<title>Imprint - Z\u00fcrich Living Group AG<\/title>\n<meta name=\"description\" content=\"Legal information and contact details of Z\u00fcrich Living Group AG. Overview of company data and mandatory legal disclosures.\" \/>\n<meta name=\"robots\" content=\"index, follow, max-snippet:-1, max-image-preview:large, max-video-preview:-1\" \/>\n<link rel=\"canonical\" href=\"https:\/\/zuerich-living.ch\/en\/imprint\/\" \/>\n<meta property=\"og:locale\" content=\"en_US\" \/>\n<meta property=\"og:type\" content=\"article\" \/>\n<meta property=\"og:title\" content=\"Imprint - Z\u00fcrich Living Group AG\" \/>\n<meta property=\"og:description\" content=\"Legal information and contact details of Z\u00fcrich Living Group AG. Overview of company data and mandatory legal disclosures.\" \/>\n<meta property=\"og:url\" content=\"https:\/\/zuerich-living.ch\/en\/imprint\/\" \/>\n<meta property=\"og:site_name\" content=\"Z\u00fcrich Living Group AG\" \/>\n<meta property=\"article:modified_time\" content=\"2025-12-01T17:06:56+00:00\" \/>\n<meta property=\"og:image\" content=\"https:\/\/zuerich-living.ch\/wp-content\/uploads\/2025\/11\/impressum.jpg\" \/>\n\t<meta property=\"og:image:width\" content=\"1200\" \/>\n\t<meta property=\"og:image:height\" content=\"628\" \/>\n\t<meta property=\"og:image:type\" content=\"image\/jpeg\" \/>\n<meta name=\"twitter:card\" content=\"summary_large_image\" \/>\n<meta name=\"twitter:label1\" content=\"Est. reading time\" \/>\n\t<meta name=\"twitter:data1\" content=\"2 minutes\" \/>\n<script type=\"application\/ld+json\" class=\"yoast-schema-graph\">{\"@context\":\"https:\\\/\\\/schema.org\",\"@graph\":[{\"@type\":\"WebPage\",\"@id\":\"https:\\\/\\\/zuerich-living.ch\\\/en\\\/imprint\\\/\",\"url\":\"https:\\\/\\\/zuerich-living.ch\\\/en\\\/imprint\\\/\",\"name\":\"Imprint - Z\u00fcrich Living Group AG\",\"isPartOf\":{\"@id\":\"https:\\\/\\\/zuerich-living.ch\\\/en\\\/#website\"},\"primaryImageOfPage\":{\"@id\":\"https:\\\/\\\/zuerich-living.ch\\\/en\\\/imprint\\\/#primaryimage\"},\"image\":{\"@id\":\"https:\\\/\\\/zuerich-living.ch\\\/en\\\/imprint\\\/#primaryimage\"},\"thumbnailUrl\":\"https:\\\/\\\/zuerich-living.ch\\\/wp-content\\\/uploads\\\/2025\\\/11\\\/impressum.jpg\",\"datePublished\":\"2025-10-22T08:20:28+00:00\",\"dateModified\":\"2025-12-01T17:06:56+00:00\",\"description\":\"Legal information and contact details of Z\u00fcrich Living Group AG. Overview of company data and mandatory legal disclosures.\",\"breadcrumb\":{\"@id\":\"https:\\\/\\\/zuerich-living.ch\\\/en\\\/imprint\\\/#breadcrumb\"},\"inLanguage\":\"en-US\",\"potentialAction\":[{\"@type\":\"ReadAction\",\"target\":[\"https:\\\/\\\/zuerich-living.ch\\\/en\\\/imprint\\\/\"]}]},{\"@type\":\"ImageObject\",\"inLanguage\":\"en-US\",\"@id\":\"https:\\\/\\\/zuerich-living.ch\\\/en\\\/imprint\\\/#primaryimage\",\"url\":\"https:\\\/\\\/zuerich-living.ch\\\/wp-content\\\/uploads\\\/2025\\\/11\\\/impressum.jpg\",\"contentUrl\":\"https:\\\/\\\/zuerich-living.ch\\\/wp-content\\\/uploads\\\/2025\\\/11\\\/impressum.jpg\",\"width\":1200,\"height\":628},{\"@type\":\"BreadcrumbList\",\"@id\":\"https:\\\/\\\/zuerich-living.ch\\\/en\\\/imprint\\\/#breadcrumb\",\"itemListElement\":[{\"@type\":\"ListItem\",\"position\":1,\"name\":\"Startseite\",\"item\":\"https:\\\/\\\/zuerich-living.ch\\\/en\\\/\"},{\"@type\":\"ListItem\",\"position\":2,\"name\":\"Imprint\"}]},{\"@type\":\"WebSite\",\"@id\":\"https:\\\/\\\/zuerich-living.ch\\\/en\\\/#website\",\"url\":\"https:\\\/\\\/zuerich-living.ch\\\/en\\\/\",\"name\":\"Z\u00fcrich Living Group AG\",\"description\":\"Ihr Immobilienpartner in Z\u00fcrich und am Z\u00fcrichsee\",\"publisher\":{\"@id\":\"https:\\\/\\\/zuerich-living.ch\\\/en\\\/#organization\"},\"potentialAction\":[{\"@type\":\"SearchAction\",\"target\":{\"@type\":\"EntryPoint\",\"urlTemplate\":\"https:\\\/\\\/zuerich-living.ch\\\/en\\\/?s={search_term_string}\"},\"query-input\":{\"@type\":\"PropertyValueSpecification\",\"valueRequired\":true,\"valueName\":\"search_term_string\"}}],\"inLanguage\":\"en-US\"},{\"@type\":\"Organization\",\"@id\":\"https:\\\/\\\/zuerich-living.ch\\\/en\\\/#organization\",\"name\":\"Z\u00fcrich Living Group AG\",\"url\":\"https:\\\/\\\/zuerich-living.ch\\\/en\\\/\",\"logo\":{\"@type\":\"ImageObject\",\"inLanguage\":\"en-US\",\"@id\":\"https:\\\/\\\/zuerich-living.ch\\\/en\\\/#\\\/schema\\\/logo\\\/image\\\/\",\"url\":\"https:\\\/\\\/zuerich-living.ch\\\/wp-content\\\/uploads\\\/2025\\\/10\\\/zuerich-living_logo_tp.png\",\"contentUrl\":\"https:\\\/\\\/zuerich-living.ch\\\/wp-content\\\/uploads\\\/2025\\\/10\\\/zuerich-living_logo_tp.png\",\"width\":601,\"height\":245,\"caption\":\"Z\u00fcrich Living Group AG\"},\"image\":{\"@id\":\"https:\\\/\\\/zuerich-living.ch\\\/en\\\/#\\\/schema\\\/logo\\\/image\\\/\"}}]}<\/script>\n<!-- \/ Yoast SEO plugin. -->","yoast_head_json":{"title":"Imprint - Z\u00fcrich Living Group AG","description":"Legal information and contact details of Z\u00fcrich Living Group AG. Overview of company data and mandatory legal disclosures.","robots":{"index":"index","follow":"follow","max-snippet":"max-snippet:-1","max-image-preview":"max-image-preview:large","max-video-preview":"max-video-preview:-1"},"canonical":"https:\/\/zuerich-living.ch\/en\/imprint\/","og_locale":"en_US","og_type":"article","og_title":"Imprint - Z\u00fcrich Living Group AG","og_description":"Legal information and contact details of Z\u00fcrich Living Group AG. Overview of company data and mandatory legal disclosures.","og_url":"https:\/\/zuerich-living.ch\/en\/imprint\/","og_site_name":"Z\u00fcrich Living Group AG","article_modified_time":"2025-12-01T17:06:56+00:00","og_image":[{"width":1200,"height":628,"url":"https:\/\/zuerich-living.ch\/wp-content\/uploads\/2025\/11\/impressum.jpg","type":"image\/jpeg"}],"twitter_card":"summary_large_image","twitter_misc":{"Est. reading time":"2 minutes"},"schema":{"@context":"https:\/\/schema.org","@graph":[{"@type":"WebPage","@id":"https:\/\/zuerich-living.ch\/en\/imprint\/","url":"https:\/\/zuerich-living.ch\/en\/imprint\/","name":"Imprint - Z\u00fcrich Living Group AG","isPartOf":{"@id":"https:\/\/zuerich-living.ch\/en\/#website"},"primaryImageOfPage":{"@id":"https:\/\/zuerich-living.ch\/en\/imprint\/#primaryimage"},"image":{"@id":"https:\/\/zuerich-living.ch\/en\/imprint\/#primaryimage"},"thumbnailUrl":"https:\/\/zuerich-living.ch\/wp-content\/uploads\/2025\/11\/impressum.jpg","datePublished":"2025-10-22T08:20:28+00:00","dateModified":"2025-12-01T17:06:56+00:00","description":"Legal information and contact details of Z\u00fcrich Living Group AG. Overview of company data and mandatory legal disclosures.","breadcrumb":{"@id":"https:\/\/zuerich-living.ch\/en\/imprint\/#breadcrumb"},"inLanguage":"en-US","potentialAction":[{"@type":"ReadAction","target":["https:\/\/zuerich-living.ch\/en\/imprint\/"]}]},{"@type":"ImageObject","inLanguage":"en-US","@id":"https:\/\/zuerich-living.ch\/en\/imprint\/#primaryimage","url":"https:\/\/zuerich-living.ch\/wp-content\/uploads\/2025\/11\/impressum.jpg","contentUrl":"https:\/\/zuerich-living.ch\/wp-content\/uploads\/2025\/11\/impressum.jpg","width":1200,"height":628},{"@type":"BreadcrumbList","@id":"https:\/\/zuerich-living.ch\/en\/imprint\/#breadcrumb","itemListElement":[{"@type":"ListItem","position":1,"name":"Startseite","item":"https:\/\/zuerich-living.ch\/en\/"},{"@type":"ListItem","position":2,"name":"Imprint"}]},{"@type":"WebSite","@id":"https:\/\/zuerich-living.ch\/en\/#website","url":"https:\/\/zuerich-living.ch\/en\/","name":"Z\u00fcrich Living Group AG","description":"Ihr Immobilienpartner in Z\u00fcrich und am Z\u00fcrichsee","publisher":{"@id":"https:\/\/zuerich-living.ch\/en\/#organization"},"potentialAction":[{"@type":"SearchAction","target":{"@type":"EntryPoint","urlTemplate":"https:\/\/zuerich-living.ch\/en\/?s={search_term_string}"},"query-input":{"@type":"PropertyValueSpecification","valueRequired":true,"valueName":"search_term_string"}}],"inLanguage":"en-US"},{"@type":"Organization","@id":"https:\/\/zuerich-living.ch\/en\/#organization","name":"Z\u00fcrich Living Group AG","url":"https:\/\/zuerich-living.ch\/en\/","logo":{"@type":"ImageObject","inLanguage":"en-US","@id":"https:\/\/zuerich-living.ch\/en\/#\/schema\/logo\/image\/","url":"https:\/\/zuerich-living.ch\/wp-content\/uploads\/2025\/10\/zuerich-living_logo_tp.png","contentUrl":"https:\/\/zuerich-living.ch\/wp-content\/uploads\/2025\/10\/zuerich-living_logo_tp.png","width":601,"height":245,"caption":"Z\u00fcrich Living Group AG"},"image":{"@id":"https:\/\/zuerich-living.ch\/en\/#\/schema\/logo\/image\/"}}]}},"_links":{"self":[{"href":"https:\/\/zuerich-living.ch\/en\/wp-json\/wp\/v2\/pages\/475","targetHints":{"allow":["GET"]}}],"collection":[{"href":"https:\/\/zuerich-living.ch\/en\/wp-json\/wp\/v2\/pages"}],"about":[{"href":"https:\/\/zuerich-living.ch\/en\/wp-json\/wp\/v2\/types\/page"}],"author":[{"embeddable":true,"href":"https:\/\/zuerich-living.ch\/en\/wp-json\/wp\/v2\/users\/1"}],"replies":[{"embeddable":true,"href":"https:\/\/zuerich-living.ch\/en\/wp-json\/wp\/v2\/comments?post=475"}],"version-history":[{"count":12,"href":"https:\/\/zuerich-living.ch\/en\/wp-json\/wp\/v2\/pages\/475\/revisions"}],"predecessor-version":[{"id":790,"href":"https:\/\/zuerich-living.ch\/en\/wp-json\/wp\/v2\/pages\/475\/revisions\/790"}],"wp:featuredmedia":[{"embeddable":true,"href":"https:\/\/zuerich-living.ch\/en\/wp-json\/wp\/v2\/media\/773"}],"wp:attachment":[{"href":"https:\/\/zuerich-living.ch\/en\/wp-json\/wp\/v2\/media?parent=475"}],"curies":[{"name":"wp","href":"https:\/\/api.w.org\/{rel}","templated":true}]}}