{"id":737,"date":"2025-11-27T19:56:14","date_gmt":"2025-11-27T18:56:14","guid":{"rendered":"https:\/\/zuerich-living.ch\/online-bewertung\/"},"modified":"2025-12-15T04:48:38","modified_gmt":"2025-12-15T03:48:38","slug":"online-valuation","status":"publish","type":"page","link":"https:\/\/zuerich-living.ch\/en\/online-valuation\/","title":{"rendered":"Online Valuation"},"content":{"rendered":"<div id='full_slider_1'  class='avia-fullwidth-slider main_color avia-shadow   avia-builder-el-0  el_before_av_section  avia-builder-el-first   container_wrap fullsize'  ><div  class='avia-slideshow av-av_slideshow_full-64a0b9164c8e317b9217e8d7fb641e71 avia-slideshow-featured av_slideshow_full avia-slide-slider av-slideshow-ui av-control-default av-slideshow-manual av-loop-once av-loop-manual-endless av-default-height-applied   avia-slideshow-1' data-slideshow-options=\"{&quot;animation&quot;:&quot;slide&quot;,&quot;autoplay&quot;:false,&quot;loop_autoplay&quot;:&quot;once&quot;,&quot;interval&quot;:5,&quot;loop_manual&quot;:&quot;manual-endless&quot;,&quot;autoplay_stopper&quot;:false,&quot;noNavigation&quot;:false,&quot;bg_slider&quot;:false,&quot;keep_padding&quot;:false,&quot;hoverpause&quot;:false,&quot;show_slide_delay&quot;:0}\"  itemprop=\"image\" itemscope=\"itemscope\" itemtype=\"https:\/\/schema.org\/ImageObject\" ><ul class='avia-slideshow-inner ' style='padding-bottom: 28.666666666667%;'><li  class='avia-slideshow-slide av-av_slideshow_full-64a0b9164c8e317b9217e8d7fb641e71__0  av-single-slide slide-1 slide-odd'><div data-rel='slideshow-1' class='avia-slide-wrap '   ><img decoding=\"async\" fetchpriority=\"high\" class=\"wp-image-464 avia-img-lazy-loading-not-464\"  src=\"https:\/\/zuerich-living.ch\/wp-content\/uploads\/2025\/10\/zl_limmat-1500x430.jpg\" width=\"1500\" height=\"430\" title='zl_limmat' alt=''  itemprop=\"thumbnailUrl\"   \/><\/div><\/li><\/ul><\/div><\/div>\n<div id='av_section_1'  class='avia-section av-av_section-fd2a3f3c792c4b1ea73974088a5f2c68 alternate_color avia-section-default avia-no-border-styling  avia-builder-el-1  el_after_av_slideshow_full  el_before_av_section  avia-bg-style-scroll container_wrap fullsize'  ><div class='container av-section-cont-open' ><div class='template-page content  av-content-full alpha units'><div class='post-entry post-entry-type-page post-entry-737'><div class='entry-content-wrapper clearfix'>\n<div  class='flex_column av-av_one_full-a2cef933b0a555f25d1e39b22a8e9dae av_one_full  avia-builder-el-2  el_before_av_three_fifth  avia-builder-el-first  first flex_column_div  '     ><style type=\"text\/css\" data-created_by=\"avia_inline_auto\" id=\"style-css-av-misvatmj-053adc47dae5936a0684f92f5cde3058\">\n#top .av_textblock_section.av-misvatmj-053adc47dae5936a0684f92f5cde3058 .avia_textblock{\ntext-align:left;\n}\n<\/style>\n<section  class='av_textblock_section av-misvatmj-053adc47dae5936a0684f92f5cde3058 '   itemscope=\"itemscope\" itemtype=\"https:\/\/schema.org\/CreativeWork\" ><div class='avia_textblock'  itemprop=\"text\" ><h1>Online Valuation<\/h1>\n<\/div><\/section><br \/>\n\n<style type=\"text\/css\" data-created_by=\"avia_inline_auto\" id=\"style-css-av-av_hr-df2ddc2a9f8290a10509e1672f19163e\">\n#top .hr.hr-invisible.av-av_hr-df2ddc2a9f8290a10509e1672f19163e{\nheight:25px;\n}\n<\/style>\n<div  class='hr av-av_hr-df2ddc2a9f8290a10509e1672f19163e hr-invisible  avia-builder-el-4  el_after_av_textblock  el_before_av_textblock '><span class='hr-inner '><span class=\"hr-inner-style\"><\/span><\/span><\/div><br \/>\n<section  class='av_textblock_section av-misvd0ql-3c001349f40652ba4880c442bcdd7c94 '   itemscope=\"itemscope\" itemtype=\"https:\/\/schema.org\/CreativeWork\" ><div class='avia_textblock'  itemprop=\"text\" ><p>Start with our free online valuation, which will give you an initial estimate of the market value within a few minutes. Simply enter key information such as the location, property type, size and your assessment of the condition and standard of finish. In just a few steps, you will receive a data-based market value estimate \u2013 with no obligations.<\/p>\n<p>Your details will of course be treated confidentially and used exclusively by Zurich Living Group AG to provide you with a realistic initial estimate.<\/p>\n<p>Please note that at this point this service is only available in German. Please use a browser translation feature or contact us for a personal appointment.<\/p>\n<\/div><\/section><\/p><\/div><div  class='flex_column av-av_three_fifth-a2cef933b0a555f25d1e39b22a8e9dae av_three_fifth  avia-builder-el-6  el_after_av_one_full  el_before_av_two_fifth  first flex_column_div  column-top-margin'     ><div  class='avia-button-wrap av-mj6m55qs-f6c217c7d61435c94fcdcb52a6535b71-wrap avia-button-left  avia-builder-el-7  avia-builder-el-no-sibling '>\n<style type=\"text\/css\" data-created_by=\"avia_inline_auto\" id=\"style-css-av-mj6m55qs-f6c217c7d61435c94fcdcb52a6535b71\">\n#top #wrap_all .avia-button.av-mj6m55qs-f6c217c7d61435c94fcdcb52a6535b71{\nfont-size:18px;\ntransition:all 0.4s ease-in-out;\n}\n<\/style>\n<a href='https:\/\/zuerich-living.ch\/online-bewertung\/'  class='avia-button av-mj6m55qs-f6c217c7d61435c94fcdcb52a6535b71 av-link-btn avia-icon_select-no avia-size-large avia-position-left avia-color-theme-color'   aria-label=\"Online Valuation (German)\"><span class='avia_iconbox_title' >Online Valuation (German)<\/span><\/a><\/div><\/div><div  class='flex_column av-av_two_fifth-538dd737667e19053994a94b9156413b av_two_fifth  avia-builder-el-8  el_after_av_three_fifth  avia-builder-el-last  flex_column_div  column-top-margin'     ><\/div><\/div><\/div><\/div><!-- close content main div --><\/div><\/div>\n<style type=\"text\/css\" data-created_by=\"avia_inline_auto\" id=\"style-css-av-av_section-9f40ab4f58d6cda035c85adf4a169686\">\n.avia-section.av-av_section-9f40ab4f58d6cda035c85adf4a169686 .av-parallax .av-parallax-inner{\nbackground-repeat:no-repeat;\nbackground-image:url(https:\/\/zuerich-living.ch\/wp-content\/uploads\/2025\/10\/zl_waid.jpg);\nbackground-position:0% 0%;\nbackground-attachment:scroll;\n}\n<\/style>\n<div id='av_section_2'  class='avia-section av-av_section-9f40ab4f58d6cda035c85adf4a169686 main_color avia-section-default avia-no-border-styling  avia-builder-el-9  el_after_av_section  el_before_av_section  av-parallax-section avia-bg-style-parallax av-minimum-height av-minimum-height-25 av-height-25  container_wrap fullsize'  data-section-bg-repeat='no-repeat' data-av_minimum_height_pc='25' data-av_min_height_opt='25'><div class='av-parallax' data-avia-parallax-ratio='0.3' ><div class='av-parallax-inner main_color avia-full-stretch'><\/div><\/div><div class='container av-section-cont-open' ><div class='template-page content  av-content-full alpha units'><div class='post-entry post-entry-type-page post-entry-737'><div class='entry-content-wrapper clearfix'><\/p>\n<\/div><\/div><\/div><!-- close content main div --><\/div><\/div><div id='av_section_3'  class='avia-section av-av_section-179ad88ca27e37930d01573a847283ea main_color avia-section-default avia-no-border-styling  avia-builder-el-10  el_after_av_section  avia-builder-el-last  avia-bg-style-scroll container_wrap fullsize'  ><div class='container av-section-cont-open' ><div class='template-page content  av-content-full alpha units'><div class='post-entry post-entry-type-page post-entry-737'><div class='entry-content-wrapper clearfix'>\n<div  class='flex_column av-av_one_full-a2cef933b0a555f25d1e39b22a8e9dae av_one_full  avia-builder-el-11  el_before_av_three_fifth  avia-builder-el-first  first flex_column_div  '     ><style type=\"text\/css\" data-created_by=\"avia_inline_auto\" id=\"style-css-av-misvel1a-7f30ae68914b8609129d8fee1ea7c3ac\">\n#top .av_textblock_section.av-misvel1a-7f30ae68914b8609129d8fee1ea7c3ac .avia_textblock{\ntext-align:left;\n}\n<\/style>\n<section  class='av_textblock_section av-misvel1a-7f30ae68914b8609129d8fee1ea7c3ac '   itemscope=\"itemscope\" itemtype=\"https:\/\/schema.org\/CreativeWork\" ><div class='avia_textblock'  itemprop=\"text\" ><h1>Personal valuation<\/h1>\n<\/div><\/section><br \/>\n\n<style type=\"text\/css\" data-created_by=\"avia_inline_auto\" id=\"style-css-av-av_hr-df2ddc2a9f8290a10509e1672f19163e\">\n#top .hr.hr-invisible.av-av_hr-df2ddc2a9f8290a10509e1672f19163e{\nheight:25px;\n}\n<\/style>\n<div  class='hr av-av_hr-df2ddc2a9f8290a10509e1672f19163e hr-invisible  avia-builder-el-13  el_after_av_textblock  el_before_av_textblock '><span class='hr-inner '><span class=\"hr-inner-style\"><\/span><\/span><\/div><br \/>\n<section  class='av_textblock_section av-misvfj4y-ddfcb9e0dbb97b1376886838f2a890d8 '   itemscope=\"itemscope\" itemtype=\"https:\/\/schema.org\/CreativeWork\" ><div class='avia_textblock'  itemprop=\"text\" ><p><strong>Why an accurate property valuation is crucial!<\/strong><\/p>\n<p>Property valuation is an essential part of the sales process and provides both sellers and buyers with a solid basis for negotiation.<\/p>\n<p>An accurate valuation helps owners set the optimal selling price while ensuring that potential buyers make reasonable offers. This can avoid any misunderstandings or unrealistic price expectations, which often lead to long selling times or failed transactions. In addition, property valuation plays a crucial role in financing. Banks and other credit institutions often require a professional valuation to minimise the risk of their investments.<\/p>\n<p>We would be happy to advise you during a personal on-site appointment and determine the current market value of your property.<\/p>\n<\/div><\/section><\/p><\/div><div  class='flex_column av-av_three_fifth-a2cef933b0a555f25d1e39b22a8e9dae av_three_fifth  avia-builder-el-15  el_after_av_one_full  el_before_av_two_fifth  first flex_column_div  column-top-margin'     ><div  class='avia-button-wrap av-mj6m670x-c6fa54d2f8d5b10cd1a516f248bcdb2e-wrap avia-button-left  avia-builder-el-16  avia-builder-el-no-sibling '>\n<style type=\"text\/css\" data-created_by=\"avia_inline_auto\" id=\"style-css-av-mj6m670x-c6fa54d2f8d5b10cd1a516f248bcdb2e\">\n#top #wrap_all .avia-button.av-mj6m670x-c6fa54d2f8d5b10cd1a516f248bcdb2e{\nfont-size:18px;\ntransition:all 0.4s ease-in-out;\n}\n<\/style>\n<a href='https:\/\/zuerich-living.ch\/online-bewertung\/'  class='avia-button av-mj6m670x-c6fa54d2f8d5b10cd1a516f248bcdb2e av-link-btn avia-icon_select-no avia-size-large avia-position-left avia-color-theme-color'   aria-label=\"Personal Valuation (German)\"><span class='avia_iconbox_title' >Personal Valuation (German)<\/span><\/a><\/div><\/div><div  class='flex_column av-av_two_fifth-538dd737667e19053994a94b9156413b av_two_fifth  avia-builder-el-17  el_after_av_three_fifth  avia-builder-el-last  flex_column_div  column-top-margin'     ><\/div>\n","protected":false},"excerpt":{"rendered":"","protected":false},"author":1,"featured_media":774,"parent":0,"menu_order":0,"comment_status":"closed","ping_status":"closed","template":"","meta":{"footnotes":""},"class_list":["post-737","page","type-page","status-publish","has-post-thumbnail","hentry"],"yoast_head":"<!-- This site is optimized with the Yoast SEO plugin v27.5 - https:\/\/yoast.com\/product\/yoast-seo-wordpress\/ -->\n<title>Online Valuation - Z\u00fcrich Living Group AG<\/title>\n<meta name=\"description\" content=\"Free online valuation for your property in Zurich and around Lake Zurich. Fast and professionally assessed by Z\u00fcrich Living Group AG.\" \/>\n<meta name=\"robots\" content=\"index, follow, max-snippet:-1, max-image-preview:large, max-video-preview:-1\" \/>\n<link rel=\"canonical\" href=\"https:\/\/zuerich-living.ch\/en\/online-valuation\/\" \/>\n<meta property=\"og:locale\" content=\"en_US\" \/>\n<meta property=\"og:type\" content=\"article\" \/>\n<meta property=\"og:title\" content=\"Online Valuation - Z\u00fcrich Living Group AG\" \/>\n<meta property=\"og:description\" content=\"Free online valuation for your property in Zurich and around Lake Zurich. Fast and professionally assessed by Z\u00fcrich Living Group AG.\" \/>\n<meta property=\"og:url\" content=\"https:\/\/zuerich-living.ch\/en\/online-valuation\/\" \/>\n<meta property=\"og:site_name\" content=\"Z\u00fcrich Living Group AG\" \/>\n<meta property=\"article:modified_time\" content=\"2025-12-15T03:48:38+00:00\" \/>\n<meta property=\"og:image\" content=\"https:\/\/zuerich-living.ch\/wp-content\/uploads\/2025\/11\/bewertung.jpg\" \/>\n\t<meta property=\"og:image:width\" content=\"1200\" \/>\n\t<meta property=\"og:image:height\" content=\"628\" \/>\n\t<meta property=\"og:image:type\" content=\"image\/jpeg\" \/>\n<meta name=\"twitter:card\" content=\"summary_large_image\" \/>\n<meta name=\"twitter:label1\" content=\"Est. reading time\" \/>\n\t<meta name=\"twitter:data1\" content=\"2 minutes\" \/>\n<script type=\"application\/ld+json\" class=\"yoast-schema-graph\">{\"@context\":\"https:\\\/\\\/schema.org\",\"@graph\":[{\"@type\":\"WebPage\",\"@id\":\"https:\\\/\\\/zuerich-living.ch\\\/en\\\/online-valuation\\\/\",\"url\":\"https:\\\/\\\/zuerich-living.ch\\\/en\\\/online-valuation\\\/\",\"name\":\"Online Valuation - Z\u00fcrich Living Group AG\",\"isPartOf\":{\"@id\":\"https:\\\/\\\/zuerich-living.ch\\\/en\\\/#website\"},\"primaryImageOfPage\":{\"@id\":\"https:\\\/\\\/zuerich-living.ch\\\/en\\\/online-valuation\\\/#primaryimage\"},\"image\":{\"@id\":\"https:\\\/\\\/zuerich-living.ch\\\/en\\\/online-valuation\\\/#primaryimage\"},\"thumbnailUrl\":\"https:\\\/\\\/zuerich-living.ch\\\/wp-content\\\/uploads\\\/2025\\\/11\\\/bewertung.jpg\",\"datePublished\":\"2025-11-27T18:56:14+00:00\",\"dateModified\":\"2025-12-15T03:48:38+00:00\",\"description\":\"Free online valuation for your property in Zurich and around Lake Zurich. Fast and professionally assessed by Z\u00fcrich Living Group AG.\",\"breadcrumb\":{\"@id\":\"https:\\\/\\\/zuerich-living.ch\\\/en\\\/online-valuation\\\/#breadcrumb\"},\"inLanguage\":\"en-US\",\"potentialAction\":[{\"@type\":\"ReadAction\",\"target\":[\"https:\\\/\\\/zuerich-living.ch\\\/en\\\/online-valuation\\\/\"]}]},{\"@type\":\"ImageObject\",\"inLanguage\":\"en-US\",\"@id\":\"https:\\\/\\\/zuerich-living.ch\\\/en\\\/online-valuation\\\/#primaryimage\",\"url\":\"https:\\\/\\\/zuerich-living.ch\\\/wp-content\\\/uploads\\\/2025\\\/11\\\/bewertung.jpg\",\"contentUrl\":\"https:\\\/\\\/zuerich-living.ch\\\/wp-content\\\/uploads\\\/2025\\\/11\\\/bewertung.jpg\",\"width\":1200,\"height\":628},{\"@type\":\"BreadcrumbList\",\"@id\":\"https:\\\/\\\/zuerich-living.ch\\\/en\\\/online-valuation\\\/#breadcrumb\",\"itemListElement\":[{\"@type\":\"ListItem\",\"position\":1,\"name\":\"Startseite\",\"item\":\"https:\\\/\\\/zuerich-living.ch\\\/en\\\/\"},{\"@type\":\"ListItem\",\"position\":2,\"name\":\"Online Valuation\"}]},{\"@type\":\"WebSite\",\"@id\":\"https:\\\/\\\/zuerich-living.ch\\\/en\\\/#website\",\"url\":\"https:\\\/\\\/zuerich-living.ch\\\/en\\\/\",\"name\":\"Z\u00fcrich Living Group AG\",\"description\":\"Ihr Immobilienpartner in Z\u00fcrich und am Z\u00fcrichsee\",\"publisher\":{\"@id\":\"https:\\\/\\\/zuerich-living.ch\\\/en\\\/#organization\"},\"potentialAction\":[{\"@type\":\"SearchAction\",\"target\":{\"@type\":\"EntryPoint\",\"urlTemplate\":\"https:\\\/\\\/zuerich-living.ch\\\/en\\\/?s={search_term_string}\"},\"query-input\":{\"@type\":\"PropertyValueSpecification\",\"valueRequired\":true,\"valueName\":\"search_term_string\"}}],\"inLanguage\":\"en-US\"},{\"@type\":\"Organization\",\"@id\":\"https:\\\/\\\/zuerich-living.ch\\\/en\\\/#organization\",\"name\":\"Z\u00fcrich Living Group AG\",\"url\":\"https:\\\/\\\/zuerich-living.ch\\\/en\\\/\",\"logo\":{\"@type\":\"ImageObject\",\"inLanguage\":\"en-US\",\"@id\":\"https:\\\/\\\/zuerich-living.ch\\\/en\\\/#\\\/schema\\\/logo\\\/image\\\/\",\"url\":\"https:\\\/\\\/zuerich-living.ch\\\/wp-content\\\/uploads\\\/2025\\\/10\\\/zuerich-living_logo_tp.png\",\"contentUrl\":\"https:\\\/\\\/zuerich-living.ch\\\/wp-content\\\/uploads\\\/2025\\\/10\\\/zuerich-living_logo_tp.png\",\"width\":601,\"height\":245,\"caption\":\"Z\u00fcrich Living Group AG\"},\"image\":{\"@id\":\"https:\\\/\\\/zuerich-living.ch\\\/en\\\/#\\\/schema\\\/logo\\\/image\\\/\"}}]}<\/script>\n<!-- \/ Yoast SEO plugin. -->","yoast_head_json":{"title":"Online Valuation - Z\u00fcrich Living Group AG","description":"Free online valuation for your property in Zurich and around Lake Zurich. Fast and professionally assessed by Z\u00fcrich Living Group AG.","robots":{"index":"index","follow":"follow","max-snippet":"max-snippet:-1","max-image-preview":"max-image-preview:large","max-video-preview":"max-video-preview:-1"},"canonical":"https:\/\/zuerich-living.ch\/en\/online-valuation\/","og_locale":"en_US","og_type":"article","og_title":"Online Valuation - Z\u00fcrich Living Group AG","og_description":"Free online valuation for your property in Zurich and around Lake Zurich. Fast and professionally assessed by Z\u00fcrich Living Group AG.","og_url":"https:\/\/zuerich-living.ch\/en\/online-valuation\/","og_site_name":"Z\u00fcrich Living Group AG","article_modified_time":"2025-12-15T03:48:38+00:00","og_image":[{"width":1200,"height":628,"url":"https:\/\/zuerich-living.ch\/wp-content\/uploads\/2025\/11\/bewertung.jpg","type":"image\/jpeg"}],"twitter_card":"summary_large_image","twitter_misc":{"Est. reading time":"2 minutes"},"schema":{"@context":"https:\/\/schema.org","@graph":[{"@type":"WebPage","@id":"https:\/\/zuerich-living.ch\/en\/online-valuation\/","url":"https:\/\/zuerich-living.ch\/en\/online-valuation\/","name":"Online Valuation - Z\u00fcrich Living Group AG","isPartOf":{"@id":"https:\/\/zuerich-living.ch\/en\/#website"},"primaryImageOfPage":{"@id":"https:\/\/zuerich-living.ch\/en\/online-valuation\/#primaryimage"},"image":{"@id":"https:\/\/zuerich-living.ch\/en\/online-valuation\/#primaryimage"},"thumbnailUrl":"https:\/\/zuerich-living.ch\/wp-content\/uploads\/2025\/11\/bewertung.jpg","datePublished":"2025-11-27T18:56:14+00:00","dateModified":"2025-12-15T03:48:38+00:00","description":"Free online valuation for your property in Zurich and around Lake Zurich. Fast and professionally assessed by Z\u00fcrich Living Group AG.","breadcrumb":{"@id":"https:\/\/zuerich-living.ch\/en\/online-valuation\/#breadcrumb"},"inLanguage":"en-US","potentialAction":[{"@type":"ReadAction","target":["https:\/\/zuerich-living.ch\/en\/online-valuation\/"]}]},{"@type":"ImageObject","inLanguage":"en-US","@id":"https:\/\/zuerich-living.ch\/en\/online-valuation\/#primaryimage","url":"https:\/\/zuerich-living.ch\/wp-content\/uploads\/2025\/11\/bewertung.jpg","contentUrl":"https:\/\/zuerich-living.ch\/wp-content\/uploads\/2025\/11\/bewertung.jpg","width":1200,"height":628},{"@type":"BreadcrumbList","@id":"https:\/\/zuerich-living.ch\/en\/online-valuation\/#breadcrumb","itemListElement":[{"@type":"ListItem","position":1,"name":"Startseite","item":"https:\/\/zuerich-living.ch\/en\/"},{"@type":"ListItem","position":2,"name":"Online Valuation"}]},{"@type":"WebSite","@id":"https:\/\/zuerich-living.ch\/en\/#website","url":"https:\/\/zuerich-living.ch\/en\/","name":"Z\u00fcrich Living Group AG","description":"Ihr Immobilienpartner in Z\u00fcrich und am Z\u00fcrichsee","publisher":{"@id":"https:\/\/zuerich-living.ch\/en\/#organization"},"potentialAction":[{"@type":"SearchAction","target":{"@type":"EntryPoint","urlTemplate":"https:\/\/zuerich-living.ch\/en\/?s={search_term_string}"},"query-input":{"@type":"PropertyValueSpecification","valueRequired":true,"valueName":"search_term_string"}}],"inLanguage":"en-US"},{"@type":"Organization","@id":"https:\/\/zuerich-living.ch\/en\/#organization","name":"Z\u00fcrich Living Group AG","url":"https:\/\/zuerich-living.ch\/en\/","logo":{"@type":"ImageObject","inLanguage":"en-US","@id":"https:\/\/zuerich-living.ch\/en\/#\/schema\/logo\/image\/","url":"https:\/\/zuerich-living.ch\/wp-content\/uploads\/2025\/10\/zuerich-living_logo_tp.png","contentUrl":"https:\/\/zuerich-living.ch\/wp-content\/uploads\/2025\/10\/zuerich-living_logo_tp.png","width":601,"height":245,"caption":"Z\u00fcrich Living Group AG"},"image":{"@id":"https:\/\/zuerich-living.ch\/en\/#\/schema\/logo\/image\/"}}]}},"_links":{"self":[{"href":"https:\/\/zuerich-living.ch\/en\/wp-json\/wp\/v2\/pages\/737","targetHints":{"allow":["GET"]}}],"collection":[{"href":"https:\/\/zuerich-living.ch\/en\/wp-json\/wp\/v2\/pages"}],"about":[{"href":"https:\/\/zuerich-living.ch\/en\/wp-json\/wp\/v2\/types\/page"}],"author":[{"embeddable":true,"href":"https:\/\/zuerich-living.ch\/en\/wp-json\/wp\/v2\/users\/1"}],"replies":[{"embeddable":true,"href":"https:\/\/zuerich-living.ch\/en\/wp-json\/wp\/v2\/comments?post=737"}],"version-history":[{"count":16,"href":"https:\/\/zuerich-living.ch\/en\/wp-json\/wp\/v2\/pages\/737\/revisions"}],"predecessor-version":[{"id":995,"href":"https:\/\/zuerich-living.ch\/en\/wp-json\/wp\/v2\/pages\/737\/revisions\/995"}],"wp:featuredmedia":[{"embeddable":true,"href":"https:\/\/zuerich-living.ch\/en\/wp-json\/wp\/v2\/media\/774"}],"wp:attachment":[{"href":"https:\/\/zuerich-living.ch\/en\/wp-json\/wp\/v2\/media?parent=737"}],"curies":[{"name":"wp","href":"https:\/\/api.w.org\/{rel}","templated":true}]}}