{"id":897,"date":"2025-12-03T11:09:55","date_gmt":"2025-12-03T10:09:55","guid":{"rendered":"https:\/\/zuerich-living.ch\/kontakt\/"},"modified":"2026-01-21T01:27:24","modified_gmt":"2026-01-21T00:27:24","slug":"contact","status":"publish","type":"page","link":"https:\/\/zuerich-living.ch\/en\/contact\/","title":{"rendered":"Contact"},"content":{"rendered":"<div id='full_slider_1'  class='avia-fullwidth-slider main_color avia-shadow   avia-builder-el-0  el_before_av_section  avia-builder-el-first   container_wrap fullsize'  ><div  class='avia-slideshow av-mipuoiym-8177dbeda6cbc922bff0ae17be3c42bf avia-slideshow-featured av_slideshow_full avia-slide-slider av-slideshow-ui av-control-default av-slideshow-manual av-loop-once av-loop-manual-endless av-default-height-applied   avia-slideshow-1' data-slideshow-options=\"{&quot;animation&quot;:&quot;slide&quot;,&quot;autoplay&quot;:false,&quot;loop_autoplay&quot;:&quot;once&quot;,&quot;interval&quot;:5,&quot;loop_manual&quot;:&quot;manual-endless&quot;,&quot;autoplay_stopper&quot;:false,&quot;noNavigation&quot;:false,&quot;bg_slider&quot;:false,&quot;keep_padding&quot;:false,&quot;hoverpause&quot;:false,&quot;show_slide_delay&quot;:0}\"  itemprop=\"image\" itemscope=\"itemscope\" itemtype=\"https:\/\/schema.org\/ImageObject\" ><ul class='avia-slideshow-inner ' style='padding-bottom: 28.666666666667%;'><li  class='avia-slideshow-slide av-mipuoiym-8177dbeda6cbc922bff0ae17be3c42bf__0  av-single-slide slide-1 slide-odd'><div data-rel='slideshow-1' class='avia-slide-wrap '   ><img decoding=\"async\" fetchpriority=\"high\" class=\"wp-image-1025 avia-img-lazy-loading-not-1025\"  src=\"https:\/\/zuerich-living.ch\/wp-content\/uploads\/2026\/01\/office_bahnhofstrasse-1500x430.jpg\" width=\"1500\" height=\"430\" title='office_bahnhofstrasse' alt=''  itemprop=\"thumbnailUrl\"   \/><\/div><\/li><\/ul><\/div><\/div>\n<div id='av_section_1'  class='avia-section av-gp8wj-3043563c11eb614b793f54fcc7a4fb0d alternate_color avia-section-default avia-no-border-styling  avia-builder-el-1  el_after_av_slideshow_full  el_before_av_section  avia-bg-style-scroll container_wrap fullsize'  ><div class='container av-section-cont-open' ><div class='template-page content  av-content-full alpha units'><div class='post-entry post-entry-type-page post-entry-897'><div class='entry-content-wrapper clearfix'>\n<div  class='flex_column av-afei3-4570d7ad77f85c87fa4db3fad7205e37 av_one_full  avia-builder-el-2  el_before_av_hr  avia-builder-el-first  first flex_column_div  '     ><style type=\"text\/css\" data-created_by=\"avia_inline_auto\" id=\"style-css-av-1s492b-330fc309c3f5cb42424ebe06b97f688d\">\n#top .av-special-heading.av-1s492b-330fc309c3f5cb42424ebe06b97f688d{\npadding-bottom:10px;\n}\nbody .av-special-heading.av-1s492b-330fc309c3f5cb42424ebe06b97f688d .av-special-heading-tag .heading-char{\nfont-size:25px;\n}\n.av-special-heading.av-1s492b-330fc309c3f5cb42424ebe06b97f688d .av-subheading{\nfont-size:15px;\n}\n<\/style>\n<div  class='av-special-heading av-1s492b-330fc309c3f5cb42424ebe06b97f688d av-special-heading-h1 blockquote modern-quote  avia-builder-el-3  avia-builder-el-no-sibling '><h1 class='av-special-heading-tag '  itemprop=\"headline\"  >Personal appointment<\/h1><div class=\"special-heading-border\"><div class=\"special-heading-inner-border\"><\/div><\/div><\/div><\/div>\n<style type=\"text\/css\" data-created_by=\"avia_inline_auto\" id=\"style-css-av-mipv6rkg-6a51ff6a34c0d6d7ccfb292229deb8d5\">\n#top .hr.hr-invisible.av-mipv6rkg-6a51ff6a34c0d6d7ccfb292229deb8d5{\nheight:50px;\n}\n<\/style>\n<div  class='hr av-mipv6rkg-6a51ff6a34c0d6d7ccfb292229deb8d5 hr-invisible  avia-builder-el-4  el_after_av_one_full  el_before_av_one_full '><span class='hr-inner '><span class=\"hr-inner-style\"><\/span><\/span><\/div>\n<div  class='flex_column av-gk617-b05efc13ca144eaee824b2ddf13c540c av_one_full  avia-builder-el-5  el_after_av_hr  el_before_av_hr  first flex_column_div  '     ><section  class='av_textblock_section av-mipuqnfa-8a7ac060346d411cb141596dafdc5ed7 '   itemscope=\"itemscope\" itemtype=\"https:\/\/schema.org\/CreativeWork\" ><div class='avia_textblock'  itemprop=\"text\" ><p>Zurich Living Group AG stands for professional and personal advice.<\/p>\n<p>Schedule your individual appointment now \u2013 for questions about valuation, buying or selling, and financing your property.<\/p>\n<p>At this time the service is only available in German. Please use the translation feature of our browser or our contact form.<\/p>\n<\/div><\/section><\/div>\n<style type=\"text\/css\" data-created_by=\"avia_inline_auto\" id=\"style-css-av-mkn9xfj0-2dc018ccf0e57c9060c8daa56570988d\">\n#top .hr.av-mkn9xfj0-2dc018ccf0e57c9060c8daa56570988d{\nmargin-top:30px;\nmargin-bottom:30px;\n}\n.hr.av-mkn9xfj0-2dc018ccf0e57c9060c8daa56570988d .hr-inner{\nwidth:50px;\nborder-color:#0e3c63;\n}\n<\/style>\n<div  class='hr av-mkn9xfj0-2dc018ccf0e57c9060c8daa56570988d hr-custom  avia-builder-el-7  el_after_av_one_full  el_before_av_one_full  hr-left hr-icon-no'><span class='hr-inner inner-border-av-border-thin'><span class=\"hr-inner-style\"><\/span><\/span><\/div>\n<div  class='flex_column av-bh1fv-ebc9caf3c72524c99bc799bd2b8ff772 av_one_full  avia-builder-el-8  el_after_av_hr  avia-builder-el-last  first flex_column_div  '     ><div  class='avia-button-wrap av-mkna11dr-08d27dc37dc9a4c59a929ce13bb97c81-wrap avia-button-left  avia-builder-el-9  avia-builder-el-no-sibling '>\n<style type=\"text\/css\" data-created_by=\"avia_inline_auto\" id=\"style-css-av-mkna11dr-08d27dc37dc9a4c59a929ce13bb97c81\">\n#top #wrap_all .avia-button.av-mkna11dr-08d27dc37dc9a4c59a929ce13bb97c81{\nfont-size:18px;\ntransition:all 0.4s ease-in-out;\n}\n<\/style>\n<a href='https:\/\/zuerich-living.ch\/kontakt\/'  class='avia-button av-mkna11dr-08d27dc37dc9a4c59a929ce13bb97c81 av-link-btn avia-icon_select-no avia-size-large avia-position-left avia-color-theme-color'   aria-label=\"Contact (German)\"><span class='avia_iconbox_title' >Contact (German)<\/span><\/a><\/div><\/div>\n\n<\/div><\/div><\/div><!-- close content main div --><\/div><\/div>\n<style type=\"text\/css\" data-created_by=\"avia_inline_auto\" id=\"style-css-av-mipupfqn-f41c35cc78dfecb8ae625c49c8959e31\">\n.avia-section.av-mipupfqn-f41c35cc78dfecb8ae625c49c8959e31{\nbackground-repeat:no-repeat;\nbackground-image:url(https:\/\/zuerich-living.ch\/wp-content\/uploads\/2026\/01\/office_zuerich-2.jpg);\nbackground-position:50% 50%;\nbackground-attachment:fixed;\n}\n<\/style>\n<div id='av_section_2'  class='avia-section av-mipupfqn-f41c35cc78dfecb8ae625c49c8959e31 main_color avia-section-default avia-no-border-styling  avia-builder-el-10  el_after_av_section  el_before_av_section  av-small-hide av-mini-hide avia-full-stretch avia-bg-style-fixed av-minimum-height av-minimum-height-75 av-height-75  container_wrap fullsize'  data-section-bg-repeat='stretch' data-av_minimum_height_pc='75' data-av_min_height_opt='75'><div class='container av-section-cont-open' ><div class='template-page content  av-content-full alpha units'><div class='post-entry post-entry-type-page post-entry-897'><div class='entry-content-wrapper clearfix'>\n<\/div><\/div><\/div><!-- close content main div --><\/div><\/div>\n<style type=\"text\/css\" data-created_by=\"avia_inline_auto\" id=\"style-css-av-mkna7b37-9c886a0e3d67ab9733682e9f48584320\">\n.avia-section.av-mkna7b37-9c886a0e3d67ab9733682e9f48584320 .av-parallax .av-parallax-inner{\nbackground-repeat:no-repeat;\nbackground-image:url(https:\/\/zuerich-living.ch\/wp-content\/uploads\/2026\/01\/office_mobile.jpg);\nbackground-position:0% 0%;\nbackground-attachment:scroll;\n}\n<\/style>\n<div id='av_section_3'  class='avia-section av-mkna7b37-9c886a0e3d67ab9733682e9f48584320 main_color avia-section-default avia-no-border-styling  avia-builder-el-11  el_after_av_section  el_before_av_section  av-desktop-hide av-medium-hide av-parallax-section avia-bg-style-parallax av-minimum-height av-minimum-height-25 av-height-25  container_wrap fullsize'  data-section-bg-repeat='no-repeat' data-av_minimum_height_pc='25' data-av_min_height_opt='25'><div class='av-parallax' data-avia-parallax-ratio='0.3' ><div class='av-parallax-inner main_color avia-full-stretch'><\/div><\/div><div class='container av-section-cont-open' ><div class='template-page content  av-content-full alpha units'><div class='post-entry post-entry-type-page post-entry-897'><div class='entry-content-wrapper clearfix'>\n<\/div><\/div><\/div><!-- close content main div --><\/div><\/div><div id='av_section_4'  class='avia-section av-22admb-f65498fa6968f201e59688b81e46d439 main_color avia-section-default avia-no-border-styling  avia-builder-el-12  el_after_av_section  avia-builder-el-last  avia-bg-style-scroll container_wrap fullsize'  ><div class='container av-section-cont-open' ><div class='template-page content  av-content-full alpha units'><div class='post-entry post-entry-type-page post-entry-897'><div class='entry-content-wrapper clearfix'>\n<div  id=\"kontakt\"  class='flex_column av-1u5ejv-27a92777287a0f957142411873637404 av_one_full  avia-builder-el-13  avia-builder-el-no-sibling  first flex_column_div  '     ><p>\n<style type=\"text\/css\" data-created_by=\"avia_inline_auto\" id=\"style-css-av-famdf-f9850e6e1a7288e77841e9f8b941d763\">\n#top .av-special-heading.av-famdf-f9850e6e1a7288e77841e9f8b941d763{\npadding-bottom:10px;\ncolor:#8b8c89;\n}\nbody .av-special-heading.av-famdf-f9850e6e1a7288e77841e9f8b941d763 .av-special-heading-tag .heading-char{\nfont-size:25px;\n}\n.av-special-heading.av-famdf-f9850e6e1a7288e77841e9f8b941d763 .special-heading-inner-border{\nborder-color:#8b8c89;\n}\n.av-special-heading.av-famdf-f9850e6e1a7288e77841e9f8b941d763 .av-subheading{\nfont-size:15px;\n}\n<\/style>\n<div  class='av-special-heading av-famdf-f9850e6e1a7288e77841e9f8b941d763 av-special-heading-h1 custom-color-heading blockquote modern-quote  avia-builder-el-14  el_before_av_hr  avia-builder-el-first '><h1 class='av-special-heading-tag '  itemprop=\"headline\"  >Your inquiry<\/h1><div class=\"special-heading-border\"><div class=\"special-heading-inner-border\"><\/div><\/div><\/div><br \/>\n\n<style type=\"text\/css\" data-created_by=\"avia_inline_auto\" id=\"style-css-av-9horn-c6604787c522d9c4c24147196e6a444e\">\n#top .hr.hr-invisible.av-9horn-c6604787c522d9c4c24147196e6a444e{\nheight:25px;\n}\n<\/style>\n<div  class='hr av-9horn-c6604787c522d9c4c24147196e6a444e hr-invisible  avia-builder-el-15  el_after_av_heading  el_before_av_textblock '><span class='hr-inner '><span class=\"hr-inner-style\"><\/span><\/span><\/div><br \/>\n\n<style type=\"text\/css\" data-created_by=\"avia_inline_auto\" id=\"style-css-av-1d5zqz-91dd8f1e2048628c8f7aae8273ae560f\">\n#top .av_textblock_section.av-1d5zqz-91dd8f1e2048628c8f7aae8273ae560f .avia_textblock{\ncolor:#ffffff;\n}\n<\/style>\n<section  class='av_textblock_section av-1d5zqz-91dd8f1e2048628c8f7aae8273ae560f '   itemscope=\"itemscope\" itemtype=\"https:\/\/schema.org\/CreativeWork\" ><div class='avia_textblock av_inherit_color'  itemprop=\"text\" ><p style=\"font-weight: 400;\">We will process your request promptly and discreetly and contact you immediately.<\/p>\n<\/div><\/section><br \/>\n\n<style type=\"text\/css\" data-created_by=\"avia_inline_auto\" id=\"style-css-av-16a5oj-11b1c739443a52145b2c1f4ea17d2d01\">\n#top .hr.hr-invisible.av-16a5oj-11b1c739443a52145b2c1f4ea17d2d01{\nheight:25px;\n}\n<\/style>\n<div  class='hr av-16a5oj-11b1c739443a52145b2c1f4ea17d2d01 hr-invisible  avia-builder-el-17  el_after_av_textblock  el_before_av_contact '><span class='hr-inner '><span class=\"hr-inner-style\"><\/span><\/span><\/div><br \/>\n<form action=\"https:\/\/zuerich-living.ch\/en\/contact\/\" method=\"post\" data-fields-with-error=\"Found errors in the following field(s):\" class=\"avia_ajax_form av-form-labels-hidden   avia-builder-el-18  el_after_av_hr  avia-builder-el-last  kontaktformular  \" data-avia-form-id=\"1\" data-avia-redirect=''  aria-label='Kontaktformular' ><fieldset><p class='  first_form  form_element form_fullwidth' id='element_avia_1_1'><label for=\"avia_1_1\">Name <abbr class=\"required\" title=\"required\">*<\/abbr><\/label> <input name=\"avia_1_1\" class=\"text_input is_empty\" type=\"text\" id=\"avia_1_1\" value=\"\"  placeholder='Name*'\/><\/p><p class='  first_form  form_element form_fullwidth' id='element_avia_2_1'><label for=\"avia_2_1\">E-Mail <abbr class=\"required\" title=\"required\">*<\/abbr><\/label> <input name=\"avia_2_1\" class=\"text_input is_email\" type=\"text\" id=\"avia_2_1\" value=\"\"  placeholder='E-Mail*'\/><\/p><p class='  first_form  form_element form_fullwidth' id='element_avia_3_1'><label for=\"avia_3_1\">Phone <abbr class=\"required\" title=\"required\">*<\/abbr><\/label> <input name=\"avia_3_1\" class=\"text_input is_empty\" type=\"text\" id=\"avia_3_1\" value=\"\"  placeholder='Phone*'\/><\/p><p class='  first_form  form_element form_fullwidth' id='element_avia_4_1'><label for=\"avia_4_1\">Subject <abbr class=\"required\" title=\"required\">*<\/abbr><\/label> <input name=\"avia_4_1\" class=\"text_input is_empty\" type=\"text\" id=\"avia_4_1\" value=\"\"  placeholder='Subject*'\/><\/p><p class='  first_form  form_element form_fullwidth' id='element_avia_5_1'><label for=\"avia_5_1\" class=\"textare_label hidden textare_label_avia_5_1\">Message <abbr class=\"required\" title=\"required\">*<\/abbr><\/label><textarea  placeholder='Message*' name=\"avia_5_1\" class=\"text_area is_empty\" cols=\"40\" rows=\"7\" id=\"avia_5_1\" ><\/textarea><\/p><p class=\"hidden\"><input type=\"text\" name=\"avia_6_1\" class=\"hidden \" id=\"avia_6_1\" value=\"\" \/><\/p><div id='avia_7_1' class='av-recaptcha-area  first_form  form_element form_fullwidth '  data-container_class=\"\" data-custom_class=\"\" data-context=\"av_contact_form\" data-token_input=\"av_recaptcha_token\" data-version=\"avia_recaptcha_v3\" data-theme=\"light\" data-size=\"normal\" data-score=\"0.5\" data-text_to_preview=\"\" data-value=\"\"><div class=\"av-google-badge-message hidden\">This site is protected by reCAPTCHA and the Google <a href=\"https:\/\/policies.google.com\/privacy\">Privacy Policy<\/a> and <a href=\"https:\/\/policies.google.com\/terms\">Terms of Service<\/a> apply.<\/div><\/div><p class=\"form_element \"><input type=\"hidden\" value=\"1\" name=\"avia_generated_form1\" \/><input type=\"submit\" value=\"Send\" class=\"button\"  data-sending-label=\"Sending\"\/><\/p><\/fieldset><div class=\"avia-disabled-form\">This contact form is deactivated because you refused to accept Google reCaptcha service which is necessary to validate any messages sent by the form.<\/div><\/form><div id=\"ajaxresponse_1\" class=\"ajaxresponse ajaxresponse_1 hidden\"><\/div><\/p><\/div>\n\n","protected":false},"excerpt":{"rendered":"","protected":false},"author":1,"featured_media":779,"parent":0,"menu_order":0,"comment_status":"closed","ping_status":"closed","template":"","meta":{"footnotes":""},"class_list":["post-897","page","type-page","status-publish","has-post-thumbnail","hentry"],"yoast_head":"<!-- This site is optimized with the Yoast SEO plugin v27.5 - https:\/\/yoast.com\/product\/yoast-seo-wordpress\/ -->\n<title>Contact - Z\u00fcrich Living Group AG<\/title>\n<meta name=\"robots\" content=\"noindex, nofollow\" \/>\n<meta property=\"og:locale\" content=\"en_US\" \/>\n<meta property=\"og:type\" content=\"article\" \/>\n<meta property=\"og:title\" content=\"Contact - Z\u00fcrich Living Group AG\" \/>\n<meta property=\"og:url\" content=\"https:\/\/zuerich-living.ch\/en\/contact\/\" \/>\n<meta property=\"og:site_name\" content=\"Z\u00fcrich Living Group AG\" \/>\n<meta property=\"article:modified_time\" content=\"2026-01-21T00:27:24+00:00\" \/>\n<meta property=\"og:image\" content=\"https:\/\/zuerich-living.ch\/wp-content\/uploads\/2025\/11\/uebermich.jpg\" \/>\n\t<meta property=\"og:image:width\" content=\"1200\" \/>\n\t<meta property=\"og:image:height\" content=\"628\" \/>\n\t<meta property=\"og:image:type\" content=\"image\/jpeg\" \/>\n<meta name=\"twitter:card\" content=\"summary_large_image\" \/>\n<meta name=\"twitter:label1\" content=\"Est. reading time\" \/>\n\t<meta name=\"twitter:data1\" content=\"1 minute\" \/>\n<script type=\"application\/ld+json\" class=\"yoast-schema-graph\">{\"@context\":\"https:\\\/\\\/schema.org\",\"@graph\":[{\"@type\":\"WebPage\",\"@id\":\"https:\\\/\\\/zuerich-living.ch\\\/en\\\/contact\\\/\",\"url\":\"https:\\\/\\\/zuerich-living.ch\\\/en\\\/contact\\\/\",\"name\":\"Contact - Z\u00fcrich Living Group AG\",\"isPartOf\":{\"@id\":\"https:\\\/\\\/zuerich-living.ch\\\/en\\\/#website\"},\"primaryImageOfPage\":{\"@id\":\"https:\\\/\\\/zuerich-living.ch\\\/en\\\/contact\\\/#primaryimage\"},\"image\":{\"@id\":\"https:\\\/\\\/zuerich-living.ch\\\/en\\\/contact\\\/#primaryimage\"},\"thumbnailUrl\":\"https:\\\/\\\/zuerich-living.ch\\\/wp-content\\\/uploads\\\/2025\\\/11\\\/uebermich.jpg\",\"datePublished\":\"2025-12-03T10:09:55+00:00\",\"dateModified\":\"2026-01-21T00:27:24+00:00\",\"breadcrumb\":{\"@id\":\"https:\\\/\\\/zuerich-living.ch\\\/en\\\/contact\\\/#breadcrumb\"},\"inLanguage\":\"en-US\",\"potentialAction\":[{\"@type\":\"ReadAction\",\"target\":[\"https:\\\/\\\/zuerich-living.ch\\\/en\\\/contact\\\/\"]}]},{\"@type\":\"ImageObject\",\"inLanguage\":\"en-US\",\"@id\":\"https:\\\/\\\/zuerich-living.ch\\\/en\\\/contact\\\/#primaryimage\",\"url\":\"https:\\\/\\\/zuerich-living.ch\\\/wp-content\\\/uploads\\\/2025\\\/11\\\/uebermich.jpg\",\"contentUrl\":\"https:\\\/\\\/zuerich-living.ch\\\/wp-content\\\/uploads\\\/2025\\\/11\\\/uebermich.jpg\",\"width\":1200,\"height\":628},{\"@type\":\"BreadcrumbList\",\"@id\":\"https:\\\/\\\/zuerich-living.ch\\\/en\\\/contact\\\/#breadcrumb\",\"itemListElement\":[{\"@type\":\"ListItem\",\"position\":1,\"name\":\"Startseite\",\"item\":\"https:\\\/\\\/zuerich-living.ch\\\/en\\\/\"},{\"@type\":\"ListItem\",\"position\":2,\"name\":\"Contact\"}]},{\"@type\":\"WebSite\",\"@id\":\"https:\\\/\\\/zuerich-living.ch\\\/en\\\/#website\",\"url\":\"https:\\\/\\\/zuerich-living.ch\\\/en\\\/\",\"name\":\"Z\u00fcrich Living Group AG\",\"description\":\"Ihr Immobilienpartner in Z\u00fcrich und am Z\u00fcrichsee\",\"publisher\":{\"@id\":\"https:\\\/\\\/zuerich-living.ch\\\/en\\\/#organization\"},\"potentialAction\":[{\"@type\":\"SearchAction\",\"target\":{\"@type\":\"EntryPoint\",\"urlTemplate\":\"https:\\\/\\\/zuerich-living.ch\\\/en\\\/?s={search_term_string}\"},\"query-input\":{\"@type\":\"PropertyValueSpecification\",\"valueRequired\":true,\"valueName\":\"search_term_string\"}}],\"inLanguage\":\"en-US\"},{\"@type\":\"Organization\",\"@id\":\"https:\\\/\\\/zuerich-living.ch\\\/en\\\/#organization\",\"name\":\"Z\u00fcrich Living Group AG\",\"url\":\"https:\\\/\\\/zuerich-living.ch\\\/en\\\/\",\"logo\":{\"@type\":\"ImageObject\",\"inLanguage\":\"en-US\",\"@id\":\"https:\\\/\\\/zuerich-living.ch\\\/en\\\/#\\\/schema\\\/logo\\\/image\\\/\",\"url\":\"https:\\\/\\\/zuerich-living.ch\\\/wp-content\\\/uploads\\\/2025\\\/10\\\/zuerich-living_logo_tp.png\",\"contentUrl\":\"https:\\\/\\\/zuerich-living.ch\\\/wp-content\\\/uploads\\\/2025\\\/10\\\/zuerich-living_logo_tp.png\",\"width\":601,\"height\":245,\"caption\":\"Z\u00fcrich Living Group AG\"},\"image\":{\"@id\":\"https:\\\/\\\/zuerich-living.ch\\\/en\\\/#\\\/schema\\\/logo\\\/image\\\/\"}}]}<\/script>\n<!-- \/ Yoast SEO plugin. -->","yoast_head_json":{"title":"Contact - Z\u00fcrich Living Group AG","robots":{"index":"noindex","follow":"nofollow"},"og_locale":"en_US","og_type":"article","og_title":"Contact - Z\u00fcrich Living Group AG","og_url":"https:\/\/zuerich-living.ch\/en\/contact\/","og_site_name":"Z\u00fcrich Living Group AG","article_modified_time":"2026-01-21T00:27:24+00:00","og_image":[{"width":1200,"height":628,"url":"https:\/\/zuerich-living.ch\/wp-content\/uploads\/2025\/11\/uebermich.jpg","type":"image\/jpeg"}],"twitter_card":"summary_large_image","twitter_misc":{"Est. reading time":"1 minute"},"schema":{"@context":"https:\/\/schema.org","@graph":[{"@type":"WebPage","@id":"https:\/\/zuerich-living.ch\/en\/contact\/","url":"https:\/\/zuerich-living.ch\/en\/contact\/","name":"Contact - Z\u00fcrich Living Group AG","isPartOf":{"@id":"https:\/\/zuerich-living.ch\/en\/#website"},"primaryImageOfPage":{"@id":"https:\/\/zuerich-living.ch\/en\/contact\/#primaryimage"},"image":{"@id":"https:\/\/zuerich-living.ch\/en\/contact\/#primaryimage"},"thumbnailUrl":"https:\/\/zuerich-living.ch\/wp-content\/uploads\/2025\/11\/uebermich.jpg","datePublished":"2025-12-03T10:09:55+00:00","dateModified":"2026-01-21T00:27:24+00:00","breadcrumb":{"@id":"https:\/\/zuerich-living.ch\/en\/contact\/#breadcrumb"},"inLanguage":"en-US","potentialAction":[{"@type":"ReadAction","target":["https:\/\/zuerich-living.ch\/en\/contact\/"]}]},{"@type":"ImageObject","inLanguage":"en-US","@id":"https:\/\/zuerich-living.ch\/en\/contact\/#primaryimage","url":"https:\/\/zuerich-living.ch\/wp-content\/uploads\/2025\/11\/uebermich.jpg","contentUrl":"https:\/\/zuerich-living.ch\/wp-content\/uploads\/2025\/11\/uebermich.jpg","width":1200,"height":628},{"@type":"BreadcrumbList","@id":"https:\/\/zuerich-living.ch\/en\/contact\/#breadcrumb","itemListElement":[{"@type":"ListItem","position":1,"name":"Startseite","item":"https:\/\/zuerich-living.ch\/en\/"},{"@type":"ListItem","position":2,"name":"Contact"}]},{"@type":"WebSite","@id":"https:\/\/zuerich-living.ch\/en\/#website","url":"https:\/\/zuerich-living.ch\/en\/","name":"Z\u00fcrich Living Group AG","description":"Ihr Immobilienpartner in Z\u00fcrich und am Z\u00fcrichsee","publisher":{"@id":"https:\/\/zuerich-living.ch\/en\/#organization"},"potentialAction":[{"@type":"SearchAction","target":{"@type":"EntryPoint","urlTemplate":"https:\/\/zuerich-living.ch\/en\/?s={search_term_string}"},"query-input":{"@type":"PropertyValueSpecification","valueRequired":true,"valueName":"search_term_string"}}],"inLanguage":"en-US"},{"@type":"Organization","@id":"https:\/\/zuerich-living.ch\/en\/#organization","name":"Z\u00fcrich Living Group AG","url":"https:\/\/zuerich-living.ch\/en\/","logo":{"@type":"ImageObject","inLanguage":"en-US","@id":"https:\/\/zuerich-living.ch\/en\/#\/schema\/logo\/image\/","url":"https:\/\/zuerich-living.ch\/wp-content\/uploads\/2025\/10\/zuerich-living_logo_tp.png","contentUrl":"https:\/\/zuerich-living.ch\/wp-content\/uploads\/2025\/10\/zuerich-living_logo_tp.png","width":601,"height":245,"caption":"Z\u00fcrich Living Group AG"},"image":{"@id":"https:\/\/zuerich-living.ch\/en\/#\/schema\/logo\/image\/"}}]}},"_links":{"self":[{"href":"https:\/\/zuerich-living.ch\/en\/wp-json\/wp\/v2\/pages\/897","targetHints":{"allow":["GET"]}}],"collection":[{"href":"https:\/\/zuerich-living.ch\/en\/wp-json\/wp\/v2\/pages"}],"about":[{"href":"https:\/\/zuerich-living.ch\/en\/wp-json\/wp\/v2\/types\/page"}],"author":[{"embeddable":true,"href":"https:\/\/zuerich-living.ch\/en\/wp-json\/wp\/v2\/users\/1"}],"replies":[{"embeddable":true,"href":"https:\/\/zuerich-living.ch\/en\/wp-json\/wp\/v2\/comments?post=897"}],"version-history":[{"count":11,"href":"https:\/\/zuerich-living.ch\/en\/wp-json\/wp\/v2\/pages\/897\/revisions"}],"predecessor-version":[{"id":1035,"href":"https:\/\/zuerich-living.ch\/en\/wp-json\/wp\/v2\/pages\/897\/revisions\/1035"}],"wp:featuredmedia":[{"embeddable":true,"href":"https:\/\/zuerich-living.ch\/en\/wp-json\/wp\/v2\/media\/779"}],"wp:attachment":[{"href":"https:\/\/zuerich-living.ch\/en\/wp-json\/wp\/v2\/media?parent=897"}],"curies":[{"name":"wp","href":"https:\/\/api.w.org\/{rel}","templated":true}]}}